{"id":482,"date":"2020-02-16T16:07:19","date_gmt":"2020-02-16T15:07:19","guid":{"rendered":"http:\/\/rgrotation.de\/?page_id=482"},"modified":"2020-02-16T16:11:18","modified_gmt":"2020-02-16T15:11:18","slug":"anfahrt","status":"publish","type":"page","link":"https:\/\/rg-rotation.de\/?page_id=482","title":{"rendered":"Anfahrt"},"content":{"rendered":"\t\t<div data-elementor-type=\"wp-page\" data-elementor-id=\"482\" class=\"elementor elementor-482\" data-elementor-settings=\"[]\">\n\t\t\t\t\t\t<div class=\"elementor-inner\">\n\t\t\t\t\t\t\t<div class=\"elementor-section-wrap\">\n\t\t\t\t\t\t\t<section class=\"elementor-section elementor-top-section elementor-element elementor-element-3a9bb2e elementor-section-boxed elementor-section-height-default elementor-section-height-default\" data-id=\"3a9bb2e\" data-element_type=\"section\">\n\t\t\t\t\t\t<div class=\"elementor-container elementor-column-gap-default\">\n\t\t\t\t\t\t\t<div class=\"elementor-row\">\n\t\t\t\t\t<div class=\"elementor-column elementor-col-100 elementor-top-column elementor-element elementor-element-cd7d01e\" data-id=\"cd7d01e\" data-element_type=\"column\">\n\t\t\t<div class=\"elementor-column-wrap elementor-element-populated\">\n\t\t\t\t\t\t\t<div class=\"elementor-widget-wrap\">\n\t\t\t\t\t\t<div class=\"elementor-element elementor-element-edf92d6 elementor-widget elementor-widget-text-editor\" data-id=\"edf92d6\" data-element_type=\"widget\" data-widget_type=\"text-editor.default\">\n\t\t\t\t<div class=\"elementor-widget-container\">\n\t\t\t\t\t\t\t\t<div class=\"elementor-text-editor elementor-clearfix\">\n\t\t\t\t\t<p><b>Kontakt:<\/b><\/p><p>Rudergemeinschaft Rotation e.V.<br \/>Sportpromenade 23<br \/>12527 Berlin \/ Karolinenhof<\/p><p>e-mail:\u00a0<a href=\"mailto:info@rg-rotation.de\">info@rg-rotation.de<\/a><\/p>\t\t\t\t\t<\/div>\n\t\t\t\t\t\t<\/div>\n\t\t\t\t<\/div>\n\t\t\t\t<div class=\"elementor-element elementor-element-594aaf6 elementor-widget elementor-widget-google_maps\" data-id=\"594aaf6\" data-element_type=\"widget\" data-widget_type=\"google_maps.default\">\n\t\t\t\t<div class=\"elementor-widget-container\">\n\t\t\t<div class=\"elementor-custom-embed\"><iframe frameborder=\"0\" scrolling=\"no\" marginheight=\"0\" marginwidth=\"0\" src=\"https:\/\/maps.google.com\/maps?q=sportpromenade23%2C%2012527%20Berlin&amp;t=m&amp;z=14&amp;output=embed&amp;iwloc=near\" title=\"sportpromenade23, 12527 Berlin\" aria-label=\"sportpromenade23, 12527 Berlin\"><\/iframe><\/div>\t\t<\/div>\n\t\t\t\t<\/div>\n\t\t\t\t<div class=\"elementor-element elementor-element-5ff9632 elementor-widget elementor-widget-text-editor\" data-id=\"5ff9632\" data-element_type=\"widget\" data-widget_type=\"text-editor.default\">\n\t\t\t\t<div class=\"elementor-widget-container\">\n\t\t\t\t\t\t\t\t<div class=\"elementor-text-editor elementor-clearfix\">\n\t\t\t\t\t<p><b>Anfahrt<\/b><\/p>\t\t\t\t\t<\/div>\n\t\t\t\t\t\t<\/div>\n\t\t\t\t<\/div>\n\t\t\t\t<div class=\"elementor-element elementor-element-04b3dde elementor-widget elementor-widget-text-editor\" data-id=\"04b3dde\" data-element_type=\"widget\" data-widget_type=\"text-editor.default\">\n\t\t\t\t<div class=\"elementor-widget-container\">\n\t\t\t\t\t\t\t\t<div class=\"elementor-text-editor elementor-clearfix\">\n\t\t\t\t\t<p><b>Mit S-Bahn und Tram:<\/b><\/p><p>Vom S-Bahnhof Gr\u00fcnau mit der Tram 68 in Richtung Schm\u00f6ckwitz bis zur Haltestelle Schappachstra\u00dfe fahren\u00a0 und entgegen der Fahrtrichtung noch ca. 200m bis zu unserem Verein laufen.<\/p>\t\t\t\t\t<\/div>\n\t\t\t\t\t\t<\/div>\n\t\t\t\t<\/div>\n\t\t\t\t<div class=\"elementor-element elementor-element-039aa5d elementor-widget elementor-widget-text-editor\" data-id=\"039aa5d\" data-element_type=\"widget\" data-widget_type=\"text-editor.default\">\n\t\t\t\t<div class=\"elementor-widget-container\">\n\t\t\t\t\t\t\t\t<div class=\"elementor-text-editor elementor-clearfix\">\n\t\t\t\t\t<p><b>Mit Auto:<\/b><\/p><p>Zufahrt \u00fcber das Adlergestell zwischen Gr\u00fcnau und Schm\u00f6ckwitz, \u00fcber die Schappachstrasse oder der Vetschauer Allee kommt man direkt auf die Sportpromenade. Bitte beachten: Eine Durchfahrt auf der Sportpromenade von der Regattastrecke bzw. Strandbad Gr\u00fcnau in Richtung Verein ist nicht mit dem Auto m\u00f6glich.<\/p>\t\t\t\t\t<\/div>\n\t\t\t\t\t\t<\/div>\n\t\t\t\t<\/div>\n\t\t\t\t\t\t<\/div>\n\t\t\t\t\t<\/div>\n\t\t<\/div>\n\t\t\t\t\t\t\t\t<\/div>\n\t\t\t\t\t<\/div>\n\t\t<\/section>\n\t\t\t\t<section class=\"elementor-section elementor-top-section elementor-element elementor-element-b219ad9 elementor-section-boxed elementor-section-height-default elementor-section-height-default\" data-id=\"b219ad9\" data-element_type=\"section\">\n\t\t\t\t\t\t<div class=\"elementor-container elementor-column-gap-default\">\n\t\t\t\t\t\t\t<div class=\"elementor-row\">\n\t\t\t\t\t<div class=\"elementor-column elementor-col-100 elementor-top-column elementor-element elementor-element-7fd6d68\" data-id=\"7fd6d68\" data-element_type=\"column\">\n\t\t\t<div class=\"elementor-column-wrap\">\n\t\t\t\t\t\t\t<div class=\"elementor-widget-wrap\">\n\t\t\t\t\t\t\t\t<\/div>\n\t\t\t\t\t<\/div>\n\t\t<\/div>\n\t\t\t\t\t\t\t\t<\/div>\n\t\t\t\t\t<\/div>\n\t\t<\/section>\n\t\t\t\t\t\t<\/div>\n\t\t\t\t\t\t<\/div>\n\t\t\t\t\t<\/div>\n\t\t","protected":false},"excerpt":{"rendered":"<p>Kontakt: Rudergemeinschaft Rotation e.V.Sportpromenade 2312527 Berlin \/ Karolinenhof e-mail:\u00a0info@rg-rotation.de Anfahrt Mit S-Bahn und Tram: Vom S-Bahnhof Gr\u00fcnau mit der Tram 68 in Richtung Schm\u00f6ckwitz bis zur Haltestelle Schappachstra\u00dfe fahren\u00a0 und&#8230;<\/p>\n","protected":false},"author":1,"featured_media":0,"parent":0,"menu_order":0,"comment_status":"closed","ping_status":"closed","template":"","meta":[],"_links":{"self":[{"href":"https:\/\/rg-rotation.de\/index.php?rest_route=\/wp\/v2\/pages\/482"}],"collection":[{"href":"https:\/\/rg-rotation.de\/index.php?rest_route=\/wp\/v2\/pages"}],"about":[{"href":"https:\/\/rg-rotation.de\/index.php?rest_route=\/wp\/v2\/types\/page"}],"author":[{"embeddable":true,"href":"https:\/\/rg-rotation.de\/index.php?rest_route=\/wp\/v2\/users\/1"}],"replies":[{"embeddable":true,"href":"https:\/\/rg-rotation.de\/index.php?rest_route=%2Fwp%2Fv2%2Fcomments&post=482"}],"version-history":[{"count":2,"href":"https:\/\/rg-rotation.de\/index.php?rest_route=\/wp\/v2\/pages\/482\/revisions"}],"predecessor-version":[{"id":484,"href":"https:\/\/rg-rotation.de\/index.php?rest_route=\/wp\/v2\/pages\/482\/revisions\/484"}],"wp:attachment":[{"href":"https:\/\/rg-rotation.de\/index.php?rest_route=%2Fwp%2Fv2%2Fmedia&parent=482"}],"curies":[{"name":"wp","href":"https:\/\/api.w.org\/{rel}","templated":true}]}}