{"id":254,"date":"2020-02-09T19:44:21","date_gmt":"2020-02-09T18:44:21","guid":{"rendered":"http:\/\/rgrotation.de\/?page_id=254"},"modified":"2024-02-02T18:55:36","modified_gmt":"2024-02-02T16:55:36","slug":"junioren-tg-u19","status":"publish","type":"page","link":"https:\/\/rg-rotation.de\/?page_id=254","title":{"rendered":"Junioren (TG U19)"},"content":{"rendered":"\t\t<div data-elementor-type=\"wp-page\" data-elementor-id=\"254\" class=\"elementor elementor-254\" data-elementor-settings=\"[]\">\n\t\t\t\t\t\t<div class=\"elementor-inner\">\n\t\t\t\t\t\t\t<div class=\"elementor-section-wrap\">\n\t\t\t\t\t\t\t<section class=\"elementor-section elementor-top-section elementor-element elementor-element-710569c elementor-section-boxed elementor-section-height-default elementor-section-height-default\" data-id=\"710569c\" data-element_type=\"section\">\n\t\t\t\t\t\t<div class=\"elementor-container elementor-column-gap-default\">\n\t\t\t\t\t\t\t<div class=\"elementor-row\">\n\t\t\t\t\t<div class=\"elementor-column elementor-col-100 elementor-top-column elementor-element elementor-element-9d5de5a\" data-id=\"9d5de5a\" data-element_type=\"column\">\n\t\t\t<div class=\"elementor-column-wrap elementor-element-populated\">\n\t\t\t\t\t\t\t<div class=\"elementor-widget-wrap\">\n\t\t\t\t\t\t<div class=\"elementor-element elementor-element-437d055 elementor-widget elementor-widget-heading\" data-id=\"437d055\" data-element_type=\"widget\" data-widget_type=\"heading.default\">\n\t\t\t\t<div class=\"elementor-widget-container\">\n\t\t\t<h2 class=\"elementor-heading-title elementor-size-default\">Es lebe der Sport! \n\n<br>Bereich Junioren (U17\/U19) und Jungsenioren U23\n<\/h2>\t\t<\/div>\n\t\t\t\t<\/div>\n\t\t\t\t\t\t<\/div>\n\t\t\t\t\t<\/div>\n\t\t<\/div>\n\t\t\t\t\t\t\t\t<\/div>\n\t\t\t\t\t<\/div>\n\t\t<\/section>\n\t\t\t\t<section class=\"elementor-section elementor-top-section elementor-element elementor-element-dc5cc85 elementor-section-boxed elementor-section-height-default elementor-section-height-default\" data-id=\"dc5cc85\" data-element_type=\"section\">\n\t\t\t\t\t\t<div class=\"elementor-container elementor-column-gap-default\">\n\t\t\t\t\t\t\t<div class=\"elementor-row\">\n\t\t\t\t\t<div class=\"elementor-column elementor-col-100 elementor-top-column elementor-element elementor-element-b303d2e\" data-id=\"b303d2e\" data-element_type=\"column\">\n\t\t\t<div class=\"elementor-column-wrap elementor-element-populated\">\n\t\t\t\t\t\t\t<div class=\"elementor-widget-wrap\">\n\t\t\t\t\t\t<div class=\"elementor-element elementor-element-7627103 elementor-widget elementor-widget-text-editor\" data-id=\"7627103\" data-element_type=\"widget\" data-widget_type=\"text-editor.default\">\n\t\t\t\t<div class=\"elementor-widget-container\">\n\t\t\t\t\t\t\t\t<div class=\"elementor-text-editor elementor-clearfix\">\n\t\t\t\t\t<p>Rudern ist eine der \u00e4ltesten Sportarten der Welt und ist seit 1896 fester Bestandteil der Olympischen Spiele und wird inzwischen auf der ganzen Welt betrieben.<\/p><p>Es gibt verschiedene Arten sich auf dem Wasser und damit in der Natur fortzubewegen. Das Augenmerk beim Rudern liegt in erster Linie an der Freude und das Interesse am gemeinsamen Sport. Das ist im Breitensport-Rudern genauso m\u00f6glich wie im leistungsorientierten Rudern.<\/p><p>Alle Ruderinnen und Ruderer werden von unseren Trainern und \u00dcbungsleitern betreut.<\/p><p>Sie k\u00f6nnen bei der Rudergemeinschaft Rotation Berlin den Wettkampfsport oder das Freizeitrudern betreiben. Somit finden die Sportler f\u00fcr sich die richtige Form des Ruderns, die ihnen eine lebenslange Teilnahme an diesem wundersch\u00f6nen und teamorientierten aktiven Wassersport erm\u00f6glichen soll.<\/p><p>Nachdem unsere jungen Ruderinnen und Ruderer im Alter bis 14 Jahren sowohl das Wettkampfrudern im Jungen\u2013 und M\u00e4dchenbereich als auch die M\u00f6glichkeiten des Wanderruderns mit allen Mitgliedern kennengelernt haben, k\u00f6nnen sie bei den Junioren B (U17), A (U19) und den Jungsenioren (U23) das Rudern im leistungssportorientierten Bereich oder im Breitensportbereich fortsetzen.<\/p><p>Entscheidend f\u00fcr den Weg sind hierbei das pers\u00f6nliche Interesse, die Lust am Rudersport, die zeitlichen M\u00f6glichkeiten und nat\u00fcrlich auch die schulischen Leistungen.<\/p><p>Am Beginn steht die Ausbildung im technischen Bereich, um das Verst\u00e4ndnis und die Umsetzung zu entwickeln, ein Boot scheinbar m\u00fchelos und als Einheit einer Mannschaft gemeinsam \u00fcber das Wasser zu bewegen. Gleicherma\u00dfen wird durch gezieltes Training der Muskulatur und Ausdauer die Entwicklung der k\u00f6rperlichen Fitness betrieben.<\/p><p>Im leistungssportlichen Bereich k\u00f6nnen die Sportler sich auf vielen Regatten in ganz Deutschland bis hin zu den Deutschen Meisterschaften mit anderen messen, aber auch f\u00fcr den Breitensportbereich gibt es M\u00f6glichkeiten an Regatten sowohl im Renn- als auch im Wanderboot teilzunehmen.<\/p><p>Der Fokus liegt bei allem stets auf dem Miteinander &#8211; Gemeinsam mit anderen eine Einheit zu bilden!<\/p><p>\u00a0<\/p><p><em><strong>Wann und wo trainieren wir?<\/strong><\/em><\/p><p>Das Training findet \u00fcberwiegend im Bootshaus der Rudergemeinschaft Rotation statt.<\/p><p>In Ausnahmen kann das Training auch in anderen Sportst\u00e4tten erfolgen.<\/p><p><strong>\u00a0<\/strong><\/p><p>Montag bis Freitag\u00a0\u00a0\u00a0\u00a0 16:30 \u2013 19:00 Uhr\u00a0\u00a0\u00a0\u00a0\u00a0\u00a0\u00a0\u00a0\u00a0\u00a0\u00a0\u00a0\u00a0\u00a0\u00a0\u00a0\u00a0\u00a0\u00a0\u00a0\u00a0\u00a0\u00a0\u00a0\u00a0\u00a0<\/p><p>Samstag\u00a0\u00a0\u00a0\u00a0\u00a0\u00a0 \u00a0 \u00a0 \u00a0 \u00a0 \u00a0\u00a0\u00a0 09:00 \u2013 14:00 Uhr<\/p><p><strong>\u00a0<\/strong><\/p><p><strong>Trainer \/ Ansprechpartner:<\/strong><\/p><p>Michael Boldt und Kornel Malysch\u00a0 \u00a0\u00a0<\/p><p><a href=\"mailto:trainer.u19@rg-rotation.de\">trainer.u19@rg-rotation.de<\/a><\/p>\t\t\t\t\t<\/div>\n\t\t\t\t\t\t<\/div>\n\t\t\t\t<\/div>\n\t\t\t\t\t\t<\/div>\n\t\t\t\t\t<\/div>\n\t\t<\/div>\n\t\t\t\t\t\t\t\t<\/div>\n\t\t\t\t\t<\/div>\n\t\t<\/section>\n\t\t\t\t<section class=\"elementor-section elementor-top-section elementor-element elementor-element-3e4645c elementor-section-boxed elementor-section-height-default elementor-section-height-default\" data-id=\"3e4645c\" data-element_type=\"section\">\n\t\t\t\t\t\t<div class=\"elementor-container elementor-column-gap-default\">\n\t\t\t\t\t\t\t<div class=\"elementor-row\">\n\t\t\t\t\t<div class=\"elementor-column elementor-col-100 elementor-top-column elementor-element elementor-element-4d6f65d\" data-id=\"4d6f65d\" data-element_type=\"column\">\n\t\t\t<div class=\"elementor-column-wrap elementor-element-populated\">\n\t\t\t\t\t\t\t<div class=\"elementor-widget-wrap\">\n\t\t\t\t\t\t<div class=\"elementor-element elementor-element-6e1f2e2 elementor-widget elementor-widget-image-gallery\" data-id=\"6e1f2e2\" data-element_type=\"widget\" data-widget_type=\"image-gallery.default\">\n\t\t\t\t<div class=\"elementor-widget-container\">\n\t\t\t\t\t<div class=\"elementor-image-gallery\">\n\t\t\t<div id='gallery-1' class='gallery galleryid-254 gallery-columns-5 gallery-size-thumbnail'><figure class='gallery-item'>\n\t\t\t<div class='gallery-icon portrait'>\n\t\t\t\t<a data-elementor-open-lightbox=\"yes\" data-elementor-lightbox-slideshow=\"6e1f2e2\" data-elementor-lightbox-title=\"IMG-20231216-WA0008\" href='https:\/\/rg-rotation.de\/wp-content\/uploads\/IMG-20231216-WA0008.jpg'><img width=\"150\" height=\"150\" src=\"https:\/\/rg-rotation.de\/wp-content\/uploads\/IMG-20231216-WA0008-150x150.jpg\" class=\"attachment-thumbnail size-thumbnail\" alt=\"\" loading=\"lazy\" \/><\/a>\n\t\t\t<\/div><\/figure><figure class='gallery-item'>\n\t\t\t<div class='gallery-icon landscape'>\n\t\t\t\t<a data-elementor-open-lightbox=\"yes\" data-elementor-lightbox-slideshow=\"6e1f2e2\" data-elementor-lightbox-title=\"IMG-20230627-WA0003\" href='https:\/\/rg-rotation.de\/wp-content\/uploads\/IMG-20230627-WA0003.jpg'><img width=\"150\" height=\"150\" src=\"https:\/\/rg-rotation.de\/wp-content\/uploads\/IMG-20230627-WA0003-150x150.jpg\" class=\"attachment-thumbnail size-thumbnail\" alt=\"\" loading=\"lazy\" \/><\/a>\n\t\t\t<\/div><\/figure><figure class='gallery-item'>\n\t\t\t<div class='gallery-icon landscape'>\n\t\t\t\t<a data-elementor-open-lightbox=\"yes\" data-elementor-lightbox-slideshow=\"6e1f2e2\" data-elementor-lightbox-title=\"IMG-20240202-WA0019\" href='https:\/\/rg-rotation.de\/wp-content\/uploads\/IMG-20240202-WA0019.jpg'><img width=\"150\" height=\"150\" src=\"https:\/\/rg-rotation.de\/wp-content\/uploads\/IMG-20240202-WA0019-150x150.jpg\" class=\"attachment-thumbnail size-thumbnail\" alt=\"\" loading=\"lazy\" \/><\/a>\n\t\t\t<\/div><\/figure><figure class='gallery-item'>\n\t\t\t<div class='gallery-icon landscape'>\n\t\t\t\t<a data-elementor-open-lightbox=\"yes\" data-elementor-lightbox-slideshow=\"6e1f2e2\" data-elementor-lightbox-title=\"IMG-20230811-WA0005\" href='https:\/\/rg-rotation.de\/wp-content\/uploads\/IMG-20230811-WA0005.jpg'><img width=\"150\" height=\"150\" src=\"https:\/\/rg-rotation.de\/wp-content\/uploads\/IMG-20230811-WA0005-150x150.jpg\" class=\"attachment-thumbnail size-thumbnail\" alt=\"\" loading=\"lazy\" \/><\/a>\n\t\t\t<\/div><\/figure><figure class='gallery-item'>\n\t\t\t<div class='gallery-icon landscape'>\n\t\t\t\t<a data-elementor-open-lightbox=\"yes\" data-elementor-lightbox-slideshow=\"6e1f2e2\" data-elementor-lightbox-title=\"IMG-20240202-WA0002\" href='https:\/\/rg-rotation.de\/wp-content\/uploads\/IMG-20240202-WA0002.jpg'><img width=\"150\" height=\"150\" src=\"https:\/\/rg-rotation.de\/wp-content\/uploads\/IMG-20240202-WA0002-150x150.jpg\" class=\"attachment-thumbnail size-thumbnail\" alt=\"\" loading=\"lazy\" \/><\/a>\n\t\t\t<\/div><\/figure><figure class='gallery-item'>\n\t\t\t<div class='gallery-icon landscape'>\n\t\t\t\t<a data-elementor-open-lightbox=\"yes\" data-elementor-lightbox-slideshow=\"6e1f2e2\" data-elementor-lightbox-title=\"IMG-20231014-WA0034\" href='https:\/\/rg-rotation.de\/wp-content\/uploads\/IMG-20231014-WA0034.jpg'><img width=\"150\" height=\"150\" src=\"https:\/\/rg-rotation.de\/wp-content\/uploads\/IMG-20231014-WA0034-150x150.jpg\" class=\"attachment-thumbnail size-thumbnail\" alt=\"\" loading=\"lazy\" \/><\/a>\n\t\t\t<\/div><\/figure><figure class='gallery-item'>\n\t\t\t<div class='gallery-icon landscape'>\n\t\t\t\t<a data-elementor-open-lightbox=\"yes\" data-elementor-lightbox-slideshow=\"6e1f2e2\" data-elementor-lightbox-title=\"IMG-20240202-WA0001\" href='https:\/\/rg-rotation.de\/wp-content\/uploads\/IMG-20240202-WA0001.jpg'><img width=\"150\" height=\"150\" src=\"https:\/\/rg-rotation.de\/wp-content\/uploads\/IMG-20240202-WA0001-150x150.jpg\" class=\"attachment-thumbnail size-thumbnail\" alt=\"\" loading=\"lazy\" \/><\/a>\n\t\t\t<\/div><\/figure><figure class='gallery-item'>\n\t\t\t<div class='gallery-icon portrait'>\n\t\t\t\t<a data-elementor-open-lightbox=\"yes\" data-elementor-lightbox-slideshow=\"6e1f2e2\" data-elementor-lightbox-title=\"IMG-20230625-WA0006\" href='https:\/\/rg-rotation.de\/wp-content\/uploads\/IMG-20230625-WA0006.jpg'><img width=\"150\" height=\"150\" src=\"https:\/\/rg-rotation.de\/wp-content\/uploads\/IMG-20230625-WA0006-150x150.jpg\" class=\"attachment-thumbnail size-thumbnail\" alt=\"\" loading=\"lazy\" \/><\/a>\n\t\t\t<\/div><\/figure><figure class='gallery-item'>\n\t\t\t<div class='gallery-icon portrait'>\n\t\t\t\t<a data-elementor-open-lightbox=\"yes\" data-elementor-lightbox-slideshow=\"6e1f2e2\" data-elementor-lightbox-title=\"IMG-20240202-WA0015\" href='https:\/\/rg-rotation.de\/wp-content\/uploads\/IMG-20240202-WA0015.jpg'><img width=\"150\" height=\"150\" src=\"https:\/\/rg-rotation.de\/wp-content\/uploads\/IMG-20240202-WA0015-150x150.jpg\" class=\"attachment-thumbnail size-thumbnail\" alt=\"\" loading=\"lazy\" \/><\/a>\n\t\t\t<\/div><\/figure><figure class='gallery-item'>\n\t\t\t<div class='gallery-icon portrait'>\n\t\t\t\t<a data-elementor-open-lightbox=\"yes\" data-elementor-lightbox-slideshow=\"6e1f2e2\" data-elementor-lightbox-title=\"IMG-20240202-WA0013\" href='https:\/\/rg-rotation.de\/wp-content\/uploads\/IMG-20240202-WA0013.jpg'><img width=\"150\" height=\"150\" src=\"https:\/\/rg-rotation.de\/wp-content\/uploads\/IMG-20240202-WA0013-150x150.jpg\" class=\"attachment-thumbnail size-thumbnail\" alt=\"\" loading=\"lazy\" \/><\/a>\n\t\t\t<\/div><\/figure><figure class='gallery-item'>\n\t\t\t<div class='gallery-icon landscape'>\n\t\t\t\t<a data-elementor-open-lightbox=\"yes\" data-elementor-lightbox-slideshow=\"6e1f2e2\" data-elementor-lightbox-title=\"IMG-20240202-WA0018\" href='https:\/\/rg-rotation.de\/wp-content\/uploads\/IMG-20240202-WA0018.jpg'><img width=\"150\" height=\"150\" src=\"https:\/\/rg-rotation.de\/wp-content\/uploads\/IMG-20240202-WA0018-150x150.jpg\" class=\"attachment-thumbnail size-thumbnail\" alt=\"\" loading=\"lazy\" \/><\/a>\n\t\t\t<\/div><\/figure><figure class='gallery-item'>\n\t\t\t<div class='gallery-icon landscape'>\n\t\t\t\t<a data-elementor-open-lightbox=\"yes\" data-elementor-lightbox-slideshow=\"6e1f2e2\" data-elementor-lightbox-title=\"IMG-20240202-WA0009\" href='https:\/\/rg-rotation.de\/wp-content\/uploads\/IMG-20240202-WA0009.jpg'><img width=\"150\" height=\"150\" src=\"https:\/\/rg-rotation.de\/wp-content\/uploads\/IMG-20240202-WA0009-150x150.jpg\" class=\"attachment-thumbnail size-thumbnail\" alt=\"\" loading=\"lazy\" \/><\/a>\n\t\t\t<\/div><\/figure><figure class='gallery-item'>\n\t\t\t<div class='gallery-icon landscape'>\n\t\t\t\t<a data-elementor-open-lightbox=\"yes\" data-elementor-lightbox-slideshow=\"6e1f2e2\" data-elementor-lightbox-title=\"IMG-20240202-WA0003\" href='https:\/\/rg-rotation.de\/wp-content\/uploads\/IMG-20240202-WA0003.jpg'><img width=\"150\" height=\"150\" src=\"https:\/\/rg-rotation.de\/wp-content\/uploads\/IMG-20240202-WA0003-150x150.jpg\" class=\"attachment-thumbnail size-thumbnail\" alt=\"\" loading=\"lazy\" \/><\/a>\n\t\t\t<\/div><\/figure><figure class='gallery-item'>\n\t\t\t<div class='gallery-icon portrait'>\n\t\t\t\t<a data-elementor-open-lightbox=\"yes\" data-elementor-lightbox-slideshow=\"6e1f2e2\" data-elementor-lightbox-title=\"IMG-20240202-WA0000\" href='https:\/\/rg-rotation.de\/wp-content\/uploads\/IMG-20240202-WA0000.jpg'><img width=\"150\" height=\"150\" src=\"https:\/\/rg-rotation.de\/wp-content\/uploads\/IMG-20240202-WA0000-150x150.jpg\" class=\"attachment-thumbnail size-thumbnail\" alt=\"\" loading=\"lazy\" \/><\/a>\n\t\t\t<\/div><\/figure><figure class='gallery-item'>\n\t\t\t<div class='gallery-icon portrait'>\n\t\t\t\t<a data-elementor-open-lightbox=\"yes\" data-elementor-lightbox-slideshow=\"6e1f2e2\" data-elementor-lightbox-title=\"IMG-20230910-WA0010\" href='https:\/\/rg-rotation.de\/wp-content\/uploads\/IMG-20230910-WA0010.jpg'><img width=\"150\" height=\"150\" src=\"https:\/\/rg-rotation.de\/wp-content\/uploads\/IMG-20230910-WA0010-150x150.jpg\" class=\"attachment-thumbnail size-thumbnail\" alt=\"\" loading=\"lazy\" \/><\/a>\n\t\t\t<\/div><\/figure><figure class='gallery-item'>\n\t\t\t<div class='gallery-icon portrait'>\n\t\t\t\t<a data-elementor-open-lightbox=\"yes\" data-elementor-lightbox-slideshow=\"6e1f2e2\" data-elementor-lightbox-title=\"IMG-20240127-WA0003\" href='https:\/\/rg-rotation.de\/wp-content\/uploads\/IMG-20240127-WA0003.jpg'><img width=\"150\" height=\"150\" src=\"https:\/\/rg-rotation.de\/wp-content\/uploads\/IMG-20240127-WA0003-150x150.jpg\" class=\"attachment-thumbnail size-thumbnail\" alt=\"\" loading=\"lazy\" \/><\/a>\n\t\t\t<\/div><\/figure><figure class='gallery-item'>\n\t\t\t<div class='gallery-icon portrait'>\n\t\t\t\t<a data-elementor-open-lightbox=\"yes\" data-elementor-lightbox-slideshow=\"6e1f2e2\" data-elementor-lightbox-title=\"IMG-20240202-WA0014\" href='https:\/\/rg-rotation.de\/wp-content\/uploads\/IMG-20240202-WA0014.jpg'><img width=\"150\" height=\"150\" src=\"https:\/\/rg-rotation.de\/wp-content\/uploads\/IMG-20240202-WA0014-150x150.jpg\" class=\"attachment-thumbnail size-thumbnail\" alt=\"\" loading=\"lazy\" \/><\/a>\n\t\t\t<\/div><\/figure><figure class='gallery-item'>\n\t\t\t<div class='gallery-icon landscape'>\n\t\t\t\t<a data-elementor-open-lightbox=\"yes\" data-elementor-lightbox-slideshow=\"6e1f2e2\" data-elementor-lightbox-title=\"IMG-20240202-WA0008\" href='https:\/\/rg-rotation.de\/wp-content\/uploads\/IMG-20240202-WA0008.jpg'><img width=\"150\" height=\"150\" src=\"https:\/\/rg-rotation.de\/wp-content\/uploads\/IMG-20240202-WA0008-150x150.jpg\" class=\"attachment-thumbnail size-thumbnail\" alt=\"\" loading=\"lazy\" \/><\/a>\n\t\t\t<\/div><\/figure><figure class='gallery-item'>\n\t\t\t<div class='gallery-icon landscape'>\n\t\t\t\t<a data-elementor-open-lightbox=\"yes\" data-elementor-lightbox-slideshow=\"6e1f2e2\" data-elementor-lightbox-title=\"IMG-20240202-WA0006\" href='https:\/\/rg-rotation.de\/wp-content\/uploads\/IMG-20240202-WA0006.jpg'><img width=\"150\" height=\"150\" src=\"https:\/\/rg-rotation.de\/wp-content\/uploads\/IMG-20240202-WA0006-150x150.jpg\" class=\"attachment-thumbnail size-thumbnail\" alt=\"\" loading=\"lazy\" \/><\/a>\n\t\t\t<\/div><\/figure><figure class='gallery-item'>\n\t\t\t<div class='gallery-icon landscape'>\n\t\t\t\t<a data-elementor-open-lightbox=\"yes\" data-elementor-lightbox-slideshow=\"6e1f2e2\" data-elementor-lightbox-title=\"IMG-20231218-WA0000\" href='https:\/\/rg-rotation.de\/wp-content\/uploads\/IMG-20231218-WA0000.jpg'><img width=\"150\" height=\"150\" src=\"https:\/\/rg-rotation.de\/wp-content\/uploads\/IMG-20231218-WA0000-150x150.jpg\" class=\"attachment-thumbnail size-thumbnail\" alt=\"\" loading=\"lazy\" \/><\/a>\n\t\t\t<\/div><\/figure><figure class='gallery-item'>\n\t\t\t<div class='gallery-icon landscape'>\n\t\t\t\t<a data-elementor-open-lightbox=\"yes\" data-elementor-lightbox-slideshow=\"6e1f2e2\" data-elementor-lightbox-title=\"IMG-20240202-WA0012\" href='https:\/\/rg-rotation.de\/wp-content\/uploads\/IMG-20240202-WA0012.jpg'><img width=\"150\" height=\"150\" src=\"https:\/\/rg-rotation.de\/wp-content\/uploads\/IMG-20240202-WA0012-150x150.jpg\" class=\"attachment-thumbnail size-thumbnail\" alt=\"\" loading=\"lazy\" \/><\/a>\n\t\t\t<\/div><\/figure><figure class='gallery-item'>\n\t\t\t<div class='gallery-icon landscape'>\n\t\t\t\t<a data-elementor-open-lightbox=\"yes\" data-elementor-lightbox-slideshow=\"6e1f2e2\" data-elementor-lightbox-title=\"IMG-20240202-WA0007\" href='https:\/\/rg-rotation.de\/wp-content\/uploads\/IMG-20240202-WA0007.jpg'><img width=\"150\" height=\"150\" src=\"https:\/\/rg-rotation.de\/wp-content\/uploads\/IMG-20240202-WA0007-150x150.jpg\" class=\"attachment-thumbnail size-thumbnail\" alt=\"\" loading=\"lazy\" \/><\/a>\n\t\t\t<\/div><\/figure><figure class='gallery-item'>\n\t\t\t<div class='gallery-icon landscape'>\n\t\t\t\t<a data-elementor-open-lightbox=\"yes\" data-elementor-lightbox-slideshow=\"6e1f2e2\" data-elementor-lightbox-title=\"IMG-20240202-WA0004\" href='https:\/\/rg-rotation.de\/wp-content\/uploads\/IMG-20240202-WA0004.jpg'><img width=\"150\" height=\"150\" src=\"https:\/\/rg-rotation.de\/wp-content\/uploads\/IMG-20240202-WA0004-150x150.jpg\" class=\"attachment-thumbnail size-thumbnail\" alt=\"\" loading=\"lazy\" \/><\/a>\n\t\t\t<\/div><\/figure><figure class='gallery-item'>\n\t\t\t<div class='gallery-icon landscape'>\n\t\t\t\t<a data-elementor-open-lightbox=\"yes\" data-elementor-lightbox-slideshow=\"6e1f2e2\" data-elementor-lightbox-title=\"IMG-20230625-WA0012\" href='https:\/\/rg-rotation.de\/wp-content\/uploads\/IMG-20230625-WA0012.jpg'><img width=\"150\" height=\"150\" src=\"https:\/\/rg-rotation.de\/wp-content\/uploads\/IMG-20230625-WA0012-150x150.jpg\" class=\"attachment-thumbnail size-thumbnail\" alt=\"\" loading=\"lazy\" \/><\/a>\n\t\t\t<\/div><\/figure><figure class='gallery-item'>\n\t\t\t<div class='gallery-icon portrait'>\n\t\t\t\t<a data-elementor-open-lightbox=\"yes\" data-elementor-lightbox-slideshow=\"6e1f2e2\" data-elementor-lightbox-title=\"IMG-20240202-WA0011\" href='https:\/\/rg-rotation.de\/wp-content\/uploads\/IMG-20240202-WA0011.jpg'><img width=\"150\" height=\"150\" src=\"https:\/\/rg-rotation.de\/wp-content\/uploads\/IMG-20240202-WA0011-150x150.jpg\" class=\"attachment-thumbnail size-thumbnail\" alt=\"\" loading=\"lazy\" \/><\/a>\n\t\t\t<\/div><\/figure><figure class='gallery-item'>\n\t\t\t<div class='gallery-icon landscape'>\n\t\t\t\t<a data-elementor-open-lightbox=\"yes\" data-elementor-lightbox-slideshow=\"6e1f2e2\" data-elementor-lightbox-title=\"IMG-20240202-WA0010\" href='https:\/\/rg-rotation.de\/wp-content\/uploads\/IMG-20240202-WA0010.jpg'><img width=\"150\" height=\"150\" src=\"https:\/\/rg-rotation.de\/wp-content\/uploads\/IMG-20240202-WA0010-150x150.jpg\" class=\"attachment-thumbnail size-thumbnail\" alt=\"\" loading=\"lazy\" \/><\/a>\n\t\t\t<\/div><\/figure><figure class='gallery-item'>\n\t\t\t<div class='gallery-icon landscape'>\n\t\t\t\t<a data-elementor-open-lightbox=\"yes\" data-elementor-lightbox-slideshow=\"6e1f2e2\" data-elementor-lightbox-title=\"IMG-20231118-WA0001\" href='https:\/\/rg-rotation.de\/wp-content\/uploads\/IMG-20231118-WA0001.jpg'><img width=\"150\" height=\"150\" src=\"https:\/\/rg-rotation.de\/wp-content\/uploads\/IMG-20231118-WA0001-150x150.jpg\" class=\"attachment-thumbnail size-thumbnail\" alt=\"\" loading=\"lazy\" \/><\/a>\n\t\t\t<\/div><\/figure><figure class='gallery-item'>\n\t\t\t<div class='gallery-icon landscape'>\n\t\t\t\t<a data-elementor-open-lightbox=\"yes\" data-elementor-lightbox-slideshow=\"6e1f2e2\" data-elementor-lightbox-title=\"IMG-20240202-WA0016\" href='https:\/\/rg-rotation.de\/wp-content\/uploads\/IMG-20240202-WA0016.jpg'><img width=\"150\" height=\"150\" src=\"https:\/\/rg-rotation.de\/wp-content\/uploads\/IMG-20240202-WA0016-150x150.jpg\" class=\"attachment-thumbnail size-thumbnail\" alt=\"\" loading=\"lazy\" \/><\/a>\n\t\t\t<\/div><\/figure><figure class='gallery-item'>\n\t\t\t<div class='gallery-icon landscape'>\n\t\t\t\t<a data-elementor-open-lightbox=\"yes\" data-elementor-lightbox-slideshow=\"6e1f2e2\" data-elementor-lightbox-title=\"IMG-20240202-WA0017\" href='https:\/\/rg-rotation.de\/wp-content\/uploads\/IMG-20240202-WA0017.jpg'><img width=\"150\" height=\"150\" src=\"https:\/\/rg-rotation.de\/wp-content\/uploads\/IMG-20240202-WA0017-150x150.jpg\" class=\"attachment-thumbnail size-thumbnail\" alt=\"\" loading=\"lazy\" \/><\/a>\n\t\t\t<\/div><\/figure>\n\t\t<\/div>\n\t\t<\/div>\n\t\t\t\t<\/div>\n\t\t\t\t<\/div>\n\t\t\t\t\t\t<\/div>\n\t\t\t\t\t<\/div>\n\t\t<\/div>\n\t\t\t\t\t\t\t\t<\/div>\n\t\t\t\t\t<\/div>\n\t\t<\/section>\n\t\t\t\t\t\t<\/div>\n\t\t\t\t\t\t<\/div>\n\t\t\t\t\t<\/div>\n\t\t","protected":false},"excerpt":{"rendered":"<p>Es lebe der Sport! Bereich Junioren (U17\/U19) und Jungsenioren U23 Rudern ist eine der \u00e4ltesten Sportarten der Welt und ist seit 1896 fester Bestandteil der Olympischen Spiele und wird inzwischen&#8230;<\/p>\n","protected":false},"author":1,"featured_media":0,"parent":0,"menu_order":0,"comment_status":"closed","ping_status":"closed","template":"","meta":[],"_links":{"self":[{"href":"https:\/\/rg-rotation.de\/index.php?rest_route=\/wp\/v2\/pages\/254"}],"collection":[{"href":"https:\/\/rg-rotation.de\/index.php?rest_route=\/wp\/v2\/pages"}],"about":[{"href":"https:\/\/rg-rotation.de\/index.php?rest_route=\/wp\/v2\/types\/page"}],"author":[{"embeddable":true,"href":"https:\/\/rg-rotation.de\/index.php?rest_route=\/wp\/v2\/users\/1"}],"replies":[{"embeddable":true,"href":"https:\/\/rg-rotation.de\/index.php?rest_route=%2Fwp%2Fv2%2Fcomments&post=254"}],"version-history":[{"count":13,"href":"https:\/\/rg-rotation.de\/index.php?rest_route=\/wp\/v2\/pages\/254\/revisions"}],"predecessor-version":[{"id":6774,"href":"https:\/\/rg-rotation.de\/index.php?rest_route=\/wp\/v2\/pages\/254\/revisions\/6774"}],"wp:attachment":[{"href":"https:\/\/rg-rotation.de\/index.php?rest_route=%2Fwp%2Fv2%2Fmedia&parent=254"}],"curies":[{"name":"wp","href":"https:\/\/api.w.org\/{rel}","templated":true}]}}