{"id":233,"date":"2020-02-09T14:21:37","date_gmt":"2020-02-09T13:21:37","guid":{"rendered":"http:\/\/rgrotation.de\/?page_id=233"},"modified":"2025-12-06T13:43:06","modified_gmt":"2025-12-06T11:43:06","slug":"anfaenger-tg-u12","status":"publish","type":"page","link":"https:\/\/rg-rotation.de\/?page_id=233","title":{"rendered":"Anf\u00e4nger (TG U12)"},"content":{"rendered":"\t\t<div data-elementor-type=\"wp-page\" data-elementor-id=\"233\" class=\"elementor elementor-233\" data-elementor-settings=\"[]\">\n\t\t\t\t\t\t<div class=\"elementor-inner\">\n\t\t\t\t\t\t\t<div class=\"elementor-section-wrap\">\n\t\t\t\t\t\t\t<section class=\"elementor-section elementor-top-section elementor-element elementor-element-594dee8 elementor-section-boxed elementor-section-height-default elementor-section-height-default\" data-id=\"594dee8\" data-element_type=\"section\">\n\t\t\t\t\t\t<div class=\"elementor-container elementor-column-gap-default\">\n\t\t\t\t\t\t\t<div class=\"elementor-row\">\n\t\t\t\t\t<div class=\"elementor-column elementor-col-100 elementor-top-column elementor-element elementor-element-c7f7d5a\" data-id=\"c7f7d5a\" data-element_type=\"column\">\n\t\t\t<div class=\"elementor-column-wrap elementor-element-populated\">\n\t\t\t\t\t\t\t<div class=\"elementor-widget-wrap\">\n\t\t\t\t\t\t<div class=\"elementor-element elementor-element-bda64c4 elementor-widget elementor-widget-text-editor\" data-id=\"bda64c4\" data-element_type=\"widget\" data-widget_type=\"text-editor.default\">\n\t\t\t\t<div class=\"elementor-widget-container\">\n\t\t\t\t\t\t\t\t<div class=\"elementor-text-editor elementor-clearfix\">\n\t\t\t\t\t<p><b><span style=\"font-size: 12.0pt; line-height: 107%; font-family: 'Arial',sans-serif;\">Rudern lernen!<\/span><\/b><\/p><p><span style=\"font-size: 12.0pt; line-height: 107%; font-family: 'Arial',sans-serif;\">Mit Spiel und Spa\u00df erlernen die Kinder im Alter bis 12 Jahren in der Trainingsgruppe U12 ihre ersten Ruderschl\u00e4ge im Ruderboot. Bei uns werden die Grundlagen im Rudern vermittelt. Neben dem Training im Ruderboot trainieren wir u.a. auch im Wald durch Lauftraining die Ausdauer und in den Vereinsr\u00e4umen die Rudertechnik auf dem Ruderergometer. <\/span><\/p><p>\u00a0<\/p><p><span style=\"font-size: 12.0pt; line-height: 107%; font-family: 'Arial',sans-serif;\">Nachdem die Kinder sicher im Boot rudern k\u00f6nnen, wird auf der ersten Ruderregatta Wettkampfluft geschnuppert und weitere Erfahrungen gesammelt. Auch alters\u00fcbergreifend trainieren die Kinder mit den \u00c4lteren zusammen und lernen unser Vereinsleben kennen.<\/span><\/p>\t\t\t\t\t<\/div>\n\t\t\t\t\t\t<\/div>\n\t\t\t\t<\/div>\n\t\t\t\t\t\t<\/div>\n\t\t\t\t\t<\/div>\n\t\t<\/div>\n\t\t\t\t\t\t\t\t<\/div>\n\t\t\t\t\t<\/div>\n\t\t<\/section>\n\t\t\t\t<section class=\"elementor-section elementor-top-section elementor-element elementor-element-20b33b2 elementor-section-boxed elementor-section-height-default elementor-section-height-default\" data-id=\"20b33b2\" data-element_type=\"section\">\n\t\t\t\t\t\t<div class=\"elementor-container elementor-column-gap-default\">\n\t\t\t\t\t\t\t<div class=\"elementor-row\">\n\t\t\t\t\t<div class=\"elementor-column elementor-col-100 elementor-top-column elementor-element elementor-element-eb5e807\" data-id=\"eb5e807\" data-element_type=\"column\">\n\t\t\t<div class=\"elementor-column-wrap elementor-element-populated\">\n\t\t\t\t\t\t\t<div class=\"elementor-widget-wrap\">\n\t\t\t\t\t\t<div class=\"elementor-element elementor-element-33720df elementor-arrows-position-inside elementor-pagination-position-outside elementor-widget elementor-widget-image-carousel\" data-id=\"33720df\" data-element_type=\"widget\" data-settings=\"{&quot;slides_to_show&quot;:&quot;1&quot;,&quot;navigation&quot;:&quot;both&quot;,&quot;autoplay&quot;:&quot;yes&quot;,&quot;pause_on_hover&quot;:&quot;yes&quot;,&quot;pause_on_interaction&quot;:&quot;yes&quot;,&quot;autoplay_speed&quot;:5000,&quot;infinite&quot;:&quot;yes&quot;,&quot;effect&quot;:&quot;slide&quot;,&quot;speed&quot;:500}\" data-widget_type=\"image-carousel.default\">\n\t\t\t\t<div class=\"elementor-widget-container\">\n\t\t\t\t\t<div class=\"elementor-image-carousel-wrapper swiper-container\" dir=\"ltr\">\n\t\t\t<div class=\"elementor-image-carousel swiper-wrapper\">\n\t\t\t\t<div class=\"swiper-slide\"><figure class=\"swiper-slide-inner\"><img class=\"swiper-slide-image\" src=\"https:\/\/rg-rotation.de\/wp-content\/uploads\/2020\/05\/PHOTO-2020-05-18-1024x576.jpg\" alt=\"PHOTO-2020-05-18\" \/><\/figure><\/div><div class=\"swiper-slide\"><figure class=\"swiper-slide-inner\"><img class=\"swiper-slide-image\" src=\"https:\/\/rg-rotation.de\/wp-content\/uploads\/2021\/06\/JYPS1094_s-1024x768.jpg\" alt=\"JYPS1094_s\" \/><\/figure><\/div><div class=\"swiper-slide\"><figure class=\"swiper-slide-inner\"><img class=\"swiper-slide-image\" src=\"https:\/\/rg-rotation.de\/wp-content\/uploads\/2021\/10\/f18e3c63-cb11-4637-b80b-8d27f13cf9e7-1024x461.jpg\" alt=\"Kalte H\u00e4nde...\" \/><\/figure><\/div><div class=\"swiper-slide\"><figure class=\"swiper-slide-inner\"><img class=\"swiper-slide-image\" src=\"https:\/\/rg-rotation.de\/wp-content\/uploads\/2022\/02\/20220212_095123-1024x576.jpg\" alt=\"20220212_095123\" \/><\/figure><\/div><div class=\"swiper-slide\"><figure class=\"swiper-slide-inner\"><img class=\"swiper-slide-image\" src=\"https:\/\/rg-rotation.de\/wp-content\/uploads\/2022\/04\/IMG-20220409-WA0006-1024x768.jpg\" alt=\"IMG-20220409-WA0006\" \/><\/figure><\/div><div class=\"swiper-slide\"><figure class=\"swiper-slide-inner\"><img class=\"swiper-slide-image\" src=\"https:\/\/rg-rotation.de\/wp-content\/uploads\/2022\/05\/20220526_121248-1024x576.jpg\" alt=\"20220526_121248\" \/><\/figure><\/div>\t\t\t<\/div>\n\t\t\t\t\t\t\t\t\t\t\t\t<div class=\"swiper-pagination\"><\/div>\n\t\t\t\t\t\t\t\t\t\t\t\t\t<div class=\"elementor-swiper-button elementor-swiper-button-prev\">\n\t\t\t\t\t\t<i class=\"eicon-chevron-left\" aria-hidden=\"true\"><\/i>\n\t\t\t\t\t\t<span class=\"elementor-screen-only\">Zur\u00fcck<\/span>\n\t\t\t\t\t<\/div>\n\t\t\t\t\t<div class=\"elementor-swiper-button elementor-swiper-button-next\">\n\t\t\t\t\t\t<i class=\"eicon-chevron-right\" aria-hidden=\"true\"><\/i>\n\t\t\t\t\t\t<span class=\"elementor-screen-only\">Weiter<\/span>\n\t\t\t\t\t<\/div>\n\t\t\t\t\t\t\t\t\t<\/div>\n\t\t\t\t<\/div>\n\t\t\t\t<\/div>\n\t\t\t\t\t\t<\/div>\n\t\t\t\t\t<\/div>\n\t\t<\/div>\n\t\t\t\t\t\t\t\t<\/div>\n\t\t\t\t\t<\/div>\n\t\t<\/section>\n\t\t\t\t<section class=\"elementor-section elementor-top-section elementor-element elementor-element-669140d elementor-section-boxed elementor-section-height-default elementor-section-height-default\" data-id=\"669140d\" data-element_type=\"section\">\n\t\t\t\t\t\t<div class=\"elementor-container elementor-column-gap-default\">\n\t\t\t\t\t\t\t<div class=\"elementor-row\">\n\t\t\t\t\t<div class=\"elementor-column elementor-col-100 elementor-top-column elementor-element elementor-element-89aa4f6\" data-id=\"89aa4f6\" data-element_type=\"column\">\n\t\t\t<div class=\"elementor-column-wrap elementor-element-populated\">\n\t\t\t\t\t\t\t<div class=\"elementor-widget-wrap\">\n\t\t\t\t\t\t<div class=\"elementor-element elementor-element-e46aa61 elementor-widget elementor-widget-text-editor\" data-id=\"e46aa61\" data-element_type=\"widget\" data-widget_type=\"text-editor.default\">\n\t\t\t\t<div class=\"elementor-widget-container\">\n\t\t\t\t\t\t\t\t<div class=\"elementor-text-editor elementor-clearfix\">\n\t\t\t\t\t<p><b><i><span style=\"font-size: 12.0pt; line-height: 107%; font-family: 'Arial',sans-serif;\">Was bieten wir?<\/span><\/i><\/b><\/p><p><span style=\"font-size: 12.0pt; line-height: 107%; font-family: 'Arial',sans-serif;\">Qualitative Ruderausbildung durch lizenzierte Rudertrainer und \u00dcbungsleiter (durch den Deutschen Ruderverband). Alle Ruderausbilder werden regelm\u00e4\u00dfig in der ersten Hilfe geschult und stehen f\u00fcr den Jugendschutz (unterschriebener Ehrenkodex der Deutschen Ruderjugend und regelm\u00e4\u00dfige Vorlage der erweiterten F\u00fchrungszeugnisse). <\/span><\/p><p><span style=\"font-size: 12.0pt; line-height: 107%; font-family: 'Arial',sans-serif;\">\u00a0<\/span><b style=\"font-size: 14px;\"><i><span style=\"font-size: 12.0pt; line-height: 107%; font-family: 'Arial',sans-serif;\">Was wird beim Rudertraining ben\u00f6tigt?<\/span><\/i><\/b><\/p><p><span style=\"font-size: 12.0pt; line-height: 107%; font-family: 'Arial',sans-serif;\">Damit wir sicheres Rudern erm\u00f6glichen k\u00f6nnen, ist mindestens das \u201eSeepferdchen\u201c als Schwimmabzeichen erforderlich.<\/span><\/p><p><span style=\"font-size: 12.0pt; line-height: 107%; font-family: 'Arial',sans-serif;\">Erforderliche Kleidung:<br \/><\/span><span style=\"font-family: Arial, sans-serif; font-size: 12pt;\">enganliegende Trainingskleidung (kurz und lang), Sportschuhe, Basecap, Trinken, Regenjacke, sowie Wechselsachen (Handtuch<\/span><span style=\"font-family: Arial, sans-serif; font-size: 12pt;\">\u00a0 <\/span><span style=\"font-family: Arial, sans-serif; font-size: 12pt;\">etc.) f\u00fcr das Wassertraining<\/span><\/p>\t\t\t\t\t<\/div>\n\t\t\t\t\t\t<\/div>\n\t\t\t\t<\/div>\n\t\t\t\t\t\t<\/div>\n\t\t\t\t\t<\/div>\n\t\t<\/div>\n\t\t\t\t\t\t\t\t<\/div>\n\t\t\t\t\t<\/div>\n\t\t<\/section>\n\t\t\t\t<section class=\"elementor-section elementor-top-section elementor-element elementor-element-6799a96 elementor-section-boxed elementor-section-height-default elementor-section-height-default\" data-id=\"6799a96\" data-element_type=\"section\">\n\t\t\t\t\t\t<div class=\"elementor-container elementor-column-gap-default\">\n\t\t\t\t\t\t\t<div class=\"elementor-row\">\n\t\t\t\t\t<div class=\"elementor-column elementor-col-100 elementor-top-column elementor-element elementor-element-e31b75e\" data-id=\"e31b75e\" data-element_type=\"column\">\n\t\t\t<div class=\"elementor-column-wrap elementor-element-populated\">\n\t\t\t\t\t\t\t<div class=\"elementor-widget-wrap\">\n\t\t\t\t\t\t<div class=\"elementor-element elementor-element-21a6f14 elementor-widget elementor-widget-text-editor\" data-id=\"21a6f14\" data-element_type=\"widget\" data-widget_type=\"text-editor.default\">\n\t\t\t\t<div class=\"elementor-widget-container\">\n\t\t\t\t\t\t\t\t<div class=\"elementor-text-editor elementor-clearfix\">\n\t\t\t\t\t<p class=\"MsoNormal\"><b><i><span style=\"font-size: 12.0pt; line-height: 107%; font-family: 'Arial',sans-serif;\">Wann und wo trainieren wir?<\/span><\/i><\/b><\/p><p>\u00a0&#8211; Winter (ab 07.11.2022) &#8211;<\/p><p><span style=\"text-decoration: underline;\">Dienstags<\/span> von 17 bis 19 Uhr im SCBG (<span class=\"LrzXr\">Sportpromenade 3, 12527 Berlin<\/span>)<\/p><p><span style=\"text-decoration: underline;\">Donnerstags<\/span> (gerade KW) von 17 bis 18.30 Uhr im Bootshaus<\/p><p><span style=\"text-decoration: underline;\">Freitags<\/span> (ungerade KW) von 17 bis 18.30 Uhr im Bootshaus<\/p><p><span style=\"text-decoration: underline;\">Samstags<\/span> von 10 bis 12 Uhr in der Turnhalle der &#8222;Schule am Altglienicker Wasserturm&#8220; (<span class=\"LrzXr\">Sachsenstra\u00dfe 22, 12524 Berlin)<\/span><\/p><p class=\"MsoNormal\"><b><i><span style=\"font-size: 12.0pt; line-height: 107%; font-family: 'Arial',sans-serif;\">F\u00fchlst du dich angesprochen? Dann kontaktiere uns gerne:<\/span><\/i><\/b><\/p><p class=\"MsoNormal\"><span style=\"font-size: 12.0pt; line-height: 107%; font-family: 'Arial',sans-serif;\"><span class=\"MsoHyperlink\"><a href=\"mailto:trainer.u12@rg-rotation.de\">trainer.u12@rg-rotation.de<\/a><\/span> <\/span><\/p><p class=\"MsoNormal\"><span style=\"font-size: 12.0pt; line-height: 107%; font-family: 'Arial',sans-serif;\">oder unter 030 \/ 67539317<\/span><\/p>\t\t\t\t\t<\/div>\n\t\t\t\t\t\t<\/div>\n\t\t\t\t<\/div>\n\t\t\t\t\t\t<\/div>\n\t\t\t\t\t<\/div>\n\t\t<\/div>\n\t\t\t\t\t\t\t\t<\/div>\n\t\t\t\t\t<\/div>\n\t\t<\/section>\n\t\t\t\t\t\t<\/div>\n\t\t\t\t\t\t<\/div>\n\t\t\t\t\t<\/div>\n\t\t","protected":false},"excerpt":{"rendered":"<p>Rudern lernen! Mit Spiel und Spa\u00df erlernen die Kinder im Alter bis 12 Jahren in der Trainingsgruppe U12 ihre ersten Ruderschl\u00e4ge im Ruderboot. Bei uns werden die Grundlagen im Rudern&#8230;<\/p>\n","protected":false},"author":1,"featured_media":0,"parent":0,"menu_order":0,"comment_status":"closed","ping_status":"closed","template":"","meta":[],"_links":{"self":[{"href":"https:\/\/rg-rotation.de\/index.php?rest_route=\/wp\/v2\/pages\/233"}],"collection":[{"href":"https:\/\/rg-rotation.de\/index.php?rest_route=\/wp\/v2\/pages"}],"about":[{"href":"https:\/\/rg-rotation.de\/index.php?rest_route=\/wp\/v2\/types\/page"}],"author":[{"embeddable":true,"href":"https:\/\/rg-rotation.de\/index.php?rest_route=\/wp\/v2\/users\/1"}],"replies":[{"embeddable":true,"href":"https:\/\/rg-rotation.de\/index.php?rest_route=%2Fwp%2Fv2%2Fcomments&post=233"}],"version-history":[{"count":31,"href":"https:\/\/rg-rotation.de\/index.php?rest_route=\/wp\/v2\/pages\/233\/revisions"}],"predecessor-version":[{"id":9060,"href":"https:\/\/rg-rotation.de\/index.php?rest_route=\/wp\/v2\/pages\/233\/revisions\/9060"}],"wp:attachment":[{"href":"https:\/\/rg-rotation.de\/index.php?rest_route=%2Fwp%2Fv2%2Fmedia&parent=233"}],"curies":[{"name":"wp","href":"https:\/\/api.w.org\/{rel}","templated":true}]}}