{"id":62,"date":"2019-04-23T21:42:05","date_gmt":"2019-04-23T20:42:05","guid":{"rendered":"http:\/\/rgrotation.de\/?page_id=62"},"modified":"2023-03-21T09:50:53","modified_gmt":"2023-03-21T07:50:53","slug":"wanderruderer","status":"publish","type":"page","link":"http:\/\/rg-rotation.de\/?page_id=62","title":{"rendered":"Wanderruderer"},"content":{"rendered":"\n<figure class=\"wp-block-pullquote\"><blockquote><p><strong>oder doch besser &#8222;Einfach rudern&#8220;&#8230;?<\/strong><\/p><\/blockquote><\/figure>\n\n\n\n<p>Meistens wird das Leben durch Kategorien einfacher und geordneter.<br>Nur spiegelt eine Kategorisierung nicht die Vielfalt des Lebens wieder, sondern schr\u00e4nkt ein und schlie\u00dft aus.<br>Deswegen hier an dieser Stelle: Einfach Rudern.<br><br>Jeder der Rudern will, kann sich hier wieder finden, ob nun<br>&#8211; junge (dynamische) Ruderer,<br>&#8211; \u00e4ltere (vielleicht auch noch dynamische) Ruderer,<br>&#8211; Pension\u00e4rsruderer,<br>&#8211; Leistungsruderer,<br>&#8211; Mastersruderer,<br>&#8211; Freizeitruderer (auch mal ambitioniert),<br>&#8211; Ergometerruderer (naja, ist das jetzt noch Rudern? &#x1f609;)<br>&#8211; Hobbyruderer,<br>&#8211; Wanderruderer, ob nun noch<br>&#8211; Einzelruderer (naja, die haben meist wenig Freunde) oder<br>&#8211; Mannschaftsruderer (nat\u00fcrlich im Plural und m\/w\/d).<br><br>Wir versuchen eine Gemeinschaft zu sein, und getreu dem abgewandelten alten&nbsp; friderizianischen Motto:<br>\u201ejeder soll nach seiner (ruderischen &#x1f609;) Fasson selig werden\u201c ,<br>uns in dieser Gemeinschaft wohl zu f\u00fchlen.<br>Auf dem Wasser finden wir<br>&#8211; den Ausgleich,<br>&#8211; die Gemeinschaft,<br>&#8211; die Einsamkeit,<br>&#8211; die Erholung,<br>&#8211; den Kick, und<br>vieles Anderes (leider auch viele Motorbootwellen &#x2639;).<br>Im Bootshaus lernen und leben wir jeden Tag die Toleranz gegen\u00fcber den Gemeinschaftsmitgliedern.<br>Dh. also: Wer will, kann sich hier wohlf\u00fchlen.<br>Klar gibt es Rahmen (Material, Objekt; Satzung). Nur durch das miteinander Reden und Zuh\u00f6ren ist vieles m\u00f6glich. Dann wird sich auch<br>&#8211; das \u201epassende Boot\u201c,<br>&#8211; die \u201epassende Mannschaft\u201c mit<br>&#8211; den \u201epassenden Ambitionen\u201c finden.<\/p>\n\n\n\n<figure class=\"wp-block-image\"><img loading=\"lazy\" width=\"1024\" height=\"768\" src=\"http:\/\/rgrotation.de\/wp-content\/uploads\/2019\/04\/P1040580-1024x768.jpg\" alt=\"\" class=\"wp-image-63\" srcset=\"http:\/\/rg-rotation.de\/wp-content\/uploads\/2019\/04\/P1040580-1024x768.jpg 1024w, http:\/\/rg-rotation.de\/wp-content\/uploads\/2019\/04\/P1040580-300x225.jpg 300w, http:\/\/rg-rotation.de\/wp-content\/uploads\/2019\/04\/P1040580-768x576.jpg 768w\" sizes=\"(max-width: 1024px) 100vw, 1024px\" \/><\/figure>\n\n\n\n<p><\/p>\n","protected":false},"excerpt":{"rendered":"<p>oder doch besser &#8222;Einfach rudern&#8220;&#8230;? Meistens wird das Leben durch Kategorien einfacher und geordneter.Nur spiegelt eine Kategorisierung nicht die Vielfalt des Lebens wieder, sondern schr\u00e4nkt ein und schlie\u00dft aus.Deswegen hier&#8230;<\/p>\n","protected":false},"author":2,"featured_media":0,"parent":0,"menu_order":0,"comment_status":"closed","ping_status":"closed","template":"","meta":[],"_links":{"self":[{"href":"http:\/\/rg-rotation.de\/index.php?rest_route=\/wp\/v2\/pages\/62"}],"collection":[{"href":"http:\/\/rg-rotation.de\/index.php?rest_route=\/wp\/v2\/pages"}],"about":[{"href":"http:\/\/rg-rotation.de\/index.php?rest_route=\/wp\/v2\/types\/page"}],"author":[{"embeddable":true,"href":"http:\/\/rg-rotation.de\/index.php?rest_route=\/wp\/v2\/users\/2"}],"replies":[{"embeddable":true,"href":"http:\/\/rg-rotation.de\/index.php?rest_route=%2Fwp%2Fv2%2Fcomments&post=62"}],"version-history":[{"count":2,"href":"http:\/\/rg-rotation.de\/index.php?rest_route=\/wp\/v2\/pages\/62\/revisions"}],"predecessor-version":[{"id":5017,"href":"http:\/\/rg-rotation.de\/index.php?rest_route=\/wp\/v2\/pages\/62\/revisions\/5017"}],"wp:attachment":[{"href":"http:\/\/rg-rotation.de\/index.php?rest_route=%2Fwp%2Fv2%2Fmedia&parent=62"}],"curies":[{"name":"wp","href":"https:\/\/api.w.org\/{rel}","templated":true}]}}