{"id":221,"date":"2020-02-09T13:56:38","date_gmt":"2020-02-09T12:56:38","guid":{"rendered":"http:\/\/rgrotation.de\/?page_id=221"},"modified":"2020-02-09T14:20:59","modified_gmt":"2020-02-09T13:20:59","slug":"ruderreviere-und-entfernungen","status":"publish","type":"page","link":"http:\/\/rg-rotation.de\/?page_id=221","title":{"rendered":"Ruderreviere und Entfernungen"},"content":{"rendered":"<p><iframe frameborder=\"0\" scrolling=\"no\" marginheight=\"0\" marginwidth=\"0\" src=\"https:\/\/maps.google.com\/maps?q=Sportpromenade%2023%2C%2012527%20Berlin&amp;t=m&amp;z=11&amp;output=embed&amp;iwloc=near\" aria-label=\"Sportpromenade 23, 12527 Berlin\"><\/iframe><\/p>\n\n\n<p>Unsere Ruderreviere sind sicher einzigartig f\u00fcr Deutschland.<\/p>\n\n\n\n<p>Neben ausgesprochen vielf\u00e4ltigen Trainings- bedingungen mit mehreren Seen, Fl\u00fcssen und K\u00e4nalen und der Gr\u00fcnauer Regattastrecke vor der T\u00fcr, sind auch sehr viele weite Rudertouren bis weit&nbsp;ins brandenburgische Gebiet&nbsp;m\u00f6glich.<\/p>\n\n\n<p>\u00a0<\/p>\n<table id=\"Tabelle1\" style=\"height: 171px;\" border=\"1\" width=\"654\" cellspacing=\"0\" cellpadding=\"1\">\n<tbody>\n<tr>\n<td id=\"Zelle5\" align=\"LEFT\" valign=\"TOP\">\n<p>Kleine Rohrwallinsel<\/p>\n<\/td>\n<td id=\"Zelle6\" align=\"LEFT\" valign=\"TOP\">\n<p>1,0<\/p>\n<\/td>\n<td id=\"Zelle7\" align=\"LEFT\" valign=\"TOP\">\n<p>Schm\u00f6ckwitzer Br\u00fccke<\/p>\n<\/td>\n<td id=\"Zelle8\" align=\"LEFT\" valign=\"TOP\">\n<p>3,5<\/p>\n<\/td>\n<\/tr>\n<tr>\n<td id=\"Zelle9\" align=\"LEFT\" valign=\"TOP\">\n<p>Gro\u00dfe Krampe Mitte<\/p>\n<\/td>\n<td id=\"Zelle10\" align=\"LEFT\" valign=\"TOP\">\n<p>3,5<\/p>\n<\/td>\n<td id=\"Zelle11\" align=\"LEFT\" valign=\"TOP\">\n<p>Zeuthener Wall<\/p>\n<\/td>\n<td id=\"Zelle12\" align=\"LEFT\" valign=\"TOP\">\n<p>5,5<\/p>\n<\/td>\n<\/tr>\n<tr>\n<td id=\"Zelle13\" align=\"LEFT\" valign=\"TOP\">\n<p>Gro\u00dfe Krampe Ende<\/p>\n<\/td>\n<td id=\"Zelle14\" align=\"LEFT\" valign=\"TOP\">\n<p>5,5<\/p>\n<\/td>\n<td id=\"Zelle15\" align=\"LEFT\" valign=\"TOP\">\n<p>Ende Zeuthener See<\/p>\n<\/td>\n<\/tr>\n<\/tbody>\n<\/table>\n<table id=\"Tabelle1\" border=\"1\" width=\"651\" cellspacing=\"0\" cellpadding=\"1\">\n<tbody>\n<tr>\n<td id=\"Zelle5\" align=\"LEFT\" valign=\"TOP\">\u00a0<\/td>\n<td id=\"Zelle6\" align=\"LEFT\" valign=\"TOP\">\n<p>1,0<\/p>\n<\/td>\n<td id=\"Zelle7\" align=\"LEFT\" valign=\"TOP\">\n<p>Schm\u00f6ckwitzer Br\u00fccke<\/p>\n<\/td>\n<td id=\"Zelle8\" align=\"LEFT\" valign=\"TOP\">\n<p>3,5<\/p>\n<\/td>\n<\/tr>\n<tr>\n<td id=\"Zelle9\" align=\"LEFT\" valign=\"TOP\">\n<p>Gro\u00dfe Krampe Mitte<\/p>\n<\/td>\n<td id=\"Zelle10\" align=\"LEFT\" valign=\"TOP\">\n<p>3,5<\/p>\n<\/td>\n<td id=\"Zelle11\" align=\"LEFT\" valign=\"TOP\">\n<p>Zeuthener Wall<\/p>\n<\/td>\n<td id=\"Zelle12\" align=\"LEFT\" valign=\"TOP\">\n<p>5,5<\/p>\n<\/td>\n<\/tr>\n<tr>\n<td id=\"Zelle13\" align=\"LEFT\" valign=\"TOP\">\n<p>Gro\u00dfe Krampe Ende<\/p>\n<\/td>\n<td id=\"Zelle14\" align=\"LEFT\" valign=\"TOP\">\n<p>5,5<\/p>\n<\/td>\n<td id=\"Zelle15\" align=\"LEFT\" valign=\"TOP\">\n<p>Ende Zeuthener See<\/p>\n<\/td>\n<\/tr>\n<\/tbody>\n<\/table>\n\n\n<table class=\"wp-block-table\"><tbody><tr><td><\/td><td><\/td><\/tr><tr><td><\/td><td><\/td><\/tr><tr><td><\/td><td><\/td><\/tr><tr><td><\/td><td><\/td><\/tr><tr><td><\/td><td><\/td><\/tr><tr><td><\/td><td><\/td><\/tr><tr><td><\/td><td><\/td><\/tr><tr><td><\/td><td><\/td><\/tr><tr><td><\/td><td><\/td><\/tr><tr><td><\/td><td><\/td><\/tr><tr><td><\/td><td><\/td><\/tr><tr><td><\/td><td><\/td><\/tr><tr><td><\/td><td><\/td><\/tr><tr><td><\/td><td><\/td><\/tr><tr><td><\/td><td><\/td><\/tr><tr><td><\/td><td><\/td><\/tr><tr><td><\/td><td><\/td><\/tr><tr><td><\/td><td><\/td><\/tr><tr><td><\/td><td><\/td><\/tr><tr><td><\/td><td><\/td><\/tr><tr><td><\/td><td><\/td><\/tr><tr><td><\/td><td><\/td><\/tr><tr><td><\/td><td><\/td><\/tr><tr><td><\/td><td><\/td><\/tr><tr><td><\/td><td><\/td><\/tr><tr><td><\/td><td><\/td><\/tr><tr><td><\/td><td><\/td><\/tr><tr><td><\/td><td><\/td><\/tr><tr><td><\/td><td><\/td><\/tr><tr><td><\/td><td><\/td><\/tr><\/tbody><\/table>\n","protected":false},"excerpt":{"rendered":"<p>Unsere Ruderreviere sind sicher einzigartig f\u00fcr Deutschland. Neben ausgesprochen vielf\u00e4ltigen Trainings- bedingungen mit mehreren Seen, Fl\u00fcssen und K\u00e4nalen und der Gr\u00fcnauer Regattastrecke vor der T\u00fcr, sind auch sehr viele weite&#8230;<\/p>\n","protected":false},"author":1,"featured_media":0,"parent":0,"menu_order":0,"comment_status":"closed","ping_status":"closed","template":"","meta":[],"_links":{"self":[{"href":"http:\/\/rg-rotation.de\/index.php?rest_route=\/wp\/v2\/pages\/221"}],"collection":[{"href":"http:\/\/rg-rotation.de\/index.php?rest_route=\/wp\/v2\/pages"}],"about":[{"href":"http:\/\/rg-rotation.de\/index.php?rest_route=\/wp\/v2\/types\/page"}],"author":[{"embeddable":true,"href":"http:\/\/rg-rotation.de\/index.php?rest_route=\/wp\/v2\/users\/1"}],"replies":[{"embeddable":true,"href":"http:\/\/rg-rotation.de\/index.php?rest_route=%2Fwp%2Fv2%2Fcomments&post=221"}],"version-history":[{"count":8,"href":"http:\/\/rg-rotation.de\/index.php?rest_route=\/wp\/v2\/pages\/221\/revisions"}],"predecessor-version":[{"id":232,"href":"http:\/\/rg-rotation.de\/index.php?rest_route=\/wp\/v2\/pages\/221\/revisions\/232"}],"wp:attachment":[{"href":"http:\/\/rg-rotation.de\/index.php?rest_route=%2Fwp%2Fv2%2Fmedia&parent=221"}],"curies":[{"name":"wp","href":"https:\/\/api.w.org\/{rel}","templated":true}]}}